{"id":197,"date":"2018-11-07T13:01:42","date_gmt":"2018-11-07T13:01:42","guid":{"rendered":"http:\/\/www.ctcd.be\/?page_id=197"},"modified":"2018-11-08T08:54:44","modified_gmt":"2018-11-08T08:54:44","slug":"derniers-posts-facebook-3","status":"publish","type":"page","link":"https:\/\/www.ctcd.be\/?page_id=197","title":{"rendered":"Les Tirelires de T\u00e9lio"},"content":{"rendered":"<div id=\"pl-197\"  class=\"panel-layout\" ><div id=\"pg-197-0\"  class=\"panel-grid panel-no-style\" ><div id=\"pgc-197-0-0\"  class=\"panel-grid-cell\" ><div id=\"panel-197-0-0-0\" class=\"so-panel widget widget_sow-image panel-first-child\" data-index=\"0\" ><div\n\t\t\t\n\t\t\tclass=\"so-widget-sow-image so-widget-sow-image-default-3a2476c0e107-197\"\n\t\t\t\n\t\t>\n<div class=\"sow-image-container\">\n\t\t<img \n\tsrc=\"https:\/\/i0.wp.com\/www.ctcd.be\/wp-content\/uploads\/2018\/11\/Tirelires-Fond-Blanc.jpg?fit=224%2C300&amp;ssl=1\" width=\"224\" height=\"300\" srcset=\"https:\/\/i0.wp.com\/www.ctcd.be\/wp-content\/uploads\/2018\/11\/Tirelires-Fond-Blanc.jpg?w=298&amp;ssl=1 298w, https:\/\/i0.wp.com\/www.ctcd.be\/wp-content\/uploads\/2018\/11\/Tirelires-Fond-Blanc.jpg?resize=224%2C300&amp;ssl=1 224w\" title=\"Tirelires Fond Blanc\" alt=\"\" \t\tclass=\"so-widget-image\"\/>\n\t<\/div>\n\n<\/div><\/div><div id=\"panel-197-0-0-1\" class=\"so-panel widget widget_sow-image\" data-index=\"1\" ><div\n\t\t\t\n\t\t\tclass=\"so-widget-sow-image so-widget-sow-image-default-3a2476c0e107-197\"\n\t\t\t\n\t\t>\n<div class=\"sow-image-container\">\n\t\t<img \n\tsrc=\"https:\/\/i0.wp.com\/www.ctcd.be\/wp-content\/uploads\/2018\/11\/SPONSOR-PUB-Bleu.jpg?fit=250%2C250&amp;ssl=1\" width=\"250\" height=\"250\" srcset=\"https:\/\/i0.wp.com\/www.ctcd.be\/wp-content\/uploads\/2018\/11\/SPONSOR-PUB-Bleu.jpg?w=250&amp;ssl=1 250w, https:\/\/i0.wp.com\/www.ctcd.be\/wp-content\/uploads\/2018\/11\/SPONSOR-PUB-Bleu.jpg?resize=150%2C150&amp;ssl=1 150w, https:\/\/i0.wp.com\/www.ctcd.be\/wp-content\/uploads\/2018\/11\/SPONSOR-PUB-Bleu.jpg?resize=100%2C100&amp;ssl=1 100w\" title=\"SPONSOR PUB Bleu\" alt=\"\" \t\tclass=\"so-widget-image\"\/>\n\t<\/div>\n\n<\/div><\/div><div id=\"panel-197-0-0-2\" class=\"so-panel widget widget_sow-image panel-last-child\" data-index=\"2\" ><div\n\t\t\t\n\t\t\tclass=\"so-widget-sow-image so-widget-sow-image-default-3a2476c0e107-197\"\n\t\t\t\n\t\t>\n<div class=\"sow-image-container\">\n\t\t<img \n\tsrc=\"https:\/\/i0.wp.com\/www.ctcd.be\/wp-content\/uploads\/2018\/11\/SPONSOR-PUB-Bleu.jpg?fit=250%2C250&amp;ssl=1\" width=\"250\" height=\"250\" srcset=\"https:\/\/i0.wp.com\/www.ctcd.be\/wp-content\/uploads\/2018\/11\/SPONSOR-PUB-Bleu.jpg?w=250&amp;ssl=1 250w, https:\/\/i0.wp.com\/www.ctcd.be\/wp-content\/uploads\/2018\/11\/SPONSOR-PUB-Bleu.jpg?resize=150%2C150&amp;ssl=1 150w, https:\/\/i0.wp.com\/www.ctcd.be\/wp-content\/uploads\/2018\/11\/SPONSOR-PUB-Bleu.jpg?resize=100%2C100&amp;ssl=1 100w\" title=\"SPONSOR PUB Bleu\" alt=\"\" \t\tclass=\"so-widget-image\"\/>\n\t<\/div>\n\n<\/div><\/div><\/div><div id=\"pgc-197-0-1\"  class=\"panel-grid-cell\" ><div id=\"panel-197-0-1-0\" class=\"so-panel widget widget_sow-editor panel-first-child\" data-index=\"3\" ><div\n\t\t\t\n\t\t\tclass=\"so-widget-sow-editor so-widget-sow-editor-base\"\n\t\t\t\n\t\t>\n<div class=\"siteorigin-widget-tinymce textwidget\">\n\t<p>&nbsp;<\/p>\n<p><strong>Nous remercions vivement les commer\u00e7ants qui ont accept\u00e9 de mettre une de nos tirelires dans leur \u00e9tablissement.<\/strong><br \/>\n<strong>Rendez leur visite afin d'y d\u00e9poser votre contribution, et appr\u00e9cier leur travail.<\/strong><\/p>\n<p><strong>Cette liste sera actualis\u00e9e r\u00e9guli\u00e8rement.\u00a0 La r\u00e9colte des tirelires aura lieu courant f\u00e9vrier 2019.<\/strong><\/p>\n<p><strong>Encore un \u00e9norme merci \u00e0 nos g\u00e9n\u00e9reux donateurs.<\/strong><\/p>\n<\/div>\n<\/div><\/div><div id=\"panel-197-0-1-1\" class=\"so-panel widget widget_sow-editor panel-last-child\" data-index=\"4\" ><div\n\t\t\t\n\t\t\tclass=\"so-widget-sow-editor so-widget-sow-editor-base\"\n\t\t\t\n\t\t><h3 class=\"widget-title\">Commer\u00e7ants Participants<\/h3>\n<div class=\"siteorigin-widget-tinymce textwidget\">\n\t<ul>\n<li>\"Saveur Blanc Bleu\" aux Art M\u00e9nagers de Charleroi du 27\/10=&gt; 11\/11.<\/li>\n<li>\"Saveur Blanc Bleu\" \u00e0 Ciney Expo.<\/li>\n<li>\"Sodiparts\" \u00e0 Mariembourg.<\/li>\n<li>Friterie \"Golden Frites Barrage\" \u00e0 Silenrieux.<\/li>\n<li>Friterie \"\u00d4 P'tit Snack\" \u00e0 Chastr\u00e8s.<\/li>\n<li>Friterie \"Golden Frite\" Goldenfritebarrage Couillet.<\/li>\n<li>Caf\u00e9t\u00e9ria \"Le Neptune\" de la piscine d'Auvelais.<\/li>\n<li>Caf\u00e9t\u00e9ria du ping-pong d'Auvelais.<\/li>\n<li>Sandwicherie \"le croustillant\" \u00e0 Auvelais.<\/li>\n<li>Ets. Warnier \u00e0 Auvelais.<\/li>\n<li>Fleuriste \"Vert Eph\u00e9m\u00e8re\" rue du Bois sainte-Marie \u00e0 Auvelais.<\/li>\n<li>Restaurant \"La Cour des Saveurs\" \u00e0 Arsimont.<\/li>\n<li>\"Librairie de la Place\" sur la Place Albert 1er a Falisolle.<\/li>\n<li>Petit magasin \"Chez Claudine\" \u00e0 Falisolle.<\/li>\n<li>Sandwicherie \"C'Bon\" \u00e0 Tamines.<\/li>\n<li>Solstice Tamines Sambreville.<\/li>\n<li>Colombo \u00e0 Tamines.<\/li>\n<li>Defitec \u00e0 Tamines.<\/li>\n<li>Pharmacie \"Europhar\" \u00e0 Tamines.<\/li>\n<li>Fleuriste \"Le Savoir Vert\" \u00e0 Tamines.<\/li>\n<li>Kin\u00e9sith\u00e9rapeute (Justine Honnay) \u00e0 Jemeppe-sur-Sambre.<\/li>\n<li>Garage Honnay \u00e0 Ham-sur-sambre.<\/li>\n<li>Magasin \"123 \u20ac \" \u00e0 Aiseau Presles.<\/li>\n<li>\"Caf\u00e9 Brun\" \u00e0 Le Roux.<\/li>\n<li>Pharmacie \" Lesoye Kraft\" \u00e0 Fosses-la-Ville.<\/li>\n<li>Sandwicherie \"Sandwichs du Monde\" \u00e0 Bambois.<\/li>\n<li>Pharmacie \"Maquille\" \u00e0 Saint-Gerard.<\/li>\n<li>Salon de coiffure \"BeautyCoiff\" Itin\u00e9rant.<\/li>\n<li>Boulangerie \"Luc L\u00e9glise\" \u00e0 Pontaury.<\/li>\n<li>Fleuriste \"Vert Eph\u00e9m\u00e8re\" rue de Loverval \u00e0 Ch\u00e2telet.<\/li>\n<li>Pharmacie \"La Concorde\" \u00e0 Montignies-sur-Sambre.<\/li>\n<li>Magasin \"Vela Lingerie\" \u00e0 Montignies-sur-Sambre.<\/li>\n<li>Institut Lagune \u00e0 Gilly.<\/li>\n<li>Rotisserie \"Maison Dewit\" \u00e0 Roux.<\/li>\n<li>Pharmacie \"Cowoy\" \u00e0 Roux.<\/li>\n<li>Pharmacie \"Guillaume\" \u00e0 Roux.<\/li>\n<li>Solderie \"Le Juste Prix\" \u00e0 Ransart.<\/li>\n<li>Boulangerie \"Schamp\" \u00e0 Jumet Gohyssart.<\/li>\n<li>Pharmacie \"Le Grand Fayt\" \u00e0 Lodelinsart.<\/li>\n<li>Service traiteur \"La Savoyarde\" rue du Prunieau \u00e0 Charleroi.<\/li>\n<li>Pi\u00e8ces Auto \"Gsap\" \u00e0 Nivelles.<\/li>\n<\/ul>\n<\/div>\n<\/div><\/div><\/div><\/div><\/div>","protected":false},"excerpt":{"rendered":"<p>&nbsp; Nous remercions vivement les commer\u00e7ants qui ont accept\u00e9 de mettre une de nos tirelires dans leur \u00e9tablissement. Rendez leur visite afin d&rsquo;y d\u00e9poser votre contribution, et appr\u00e9cier leur travail. &hellip;<\/p>\n","protected":false},"author":2,"featured_media":206,"parent":0,"menu_order":0,"comment_status":"closed","ping_status":"closed","template":"template-builder-page.php","meta":{"jetpack_post_was_ever_published":false,"footnotes":""},"class_list":["post-197","page","type-page","status-publish","has-post-thumbnail","hentry"],"jetpack_sharing_enabled":true,"jetpack_shortlink":"https:\/\/wp.me\/Pamn1u-3b","jetpack-related-posts":[],"jetpack_likes_enabled":true,"_links":{"self":[{"href":"https:\/\/www.ctcd.be\/index.php?rest_route=\/wp\/v2\/pages\/197","targetHints":{"allow":["GET"]}}],"collection":[{"href":"https:\/\/www.ctcd.be\/index.php?rest_route=\/wp\/v2\/pages"}],"about":[{"href":"https:\/\/www.ctcd.be\/index.php?rest_route=\/wp\/v2\/types\/page"}],"author":[{"embeddable":true,"href":"https:\/\/www.ctcd.be\/index.php?rest_route=\/wp\/v2\/users\/2"}],"replies":[{"embeddable":true,"href":"https:\/\/www.ctcd.be\/index.php?rest_route=%2Fwp%2Fv2%2Fcomments&post=197"}],"version-history":[{"count":24,"href":"https:\/\/www.ctcd.be\/index.php?rest_route=\/wp\/v2\/pages\/197\/revisions"}],"predecessor-version":[{"id":258,"href":"https:\/\/www.ctcd.be\/index.php?rest_route=\/wp\/v2\/pages\/197\/revisions\/258"}],"wp:featuredmedia":[{"embeddable":true,"href":"https:\/\/www.ctcd.be\/index.php?rest_route=\/wp\/v2\/media\/206"}],"wp:attachment":[{"href":"https:\/\/www.ctcd.be\/index.php?rest_route=%2Fwp%2Fv2%2Fmedia&parent=197"}],"curies":[{"name":"wp","href":"https:\/\/api.w.org\/{rel}","templated":true}]}}