{"id":43,"date":"2018-10-30T10:36:56","date_gmt":"2018-10-30T10:36:56","guid":{"rendered":"http:\/\/www.ctcd.be\/?page_id=43"},"modified":"2018-10-30T10:36:57","modified_gmt":"2018-10-30T10:36:57","slug":"abonnement-a-notre-newsletter","status":"publish","type":"page","link":"https:\/\/www.ctcd.be\/?page_id=43","title":{"rendered":"Abonnement \u00e0 notre Newsletter"},"content":{"rendered":"<div id=\"pl-43\"  class=\"panel-layout\" ><div id=\"pg-43-0\"  class=\"panel-grid panel-no-style\" ><div id=\"pgc-43-0-0\"  class=\"panel-grid-cell\" ><div id=\"panel-43-0-0-0\" class=\"so-panel widget widget_sow-editor panel-first-child panel-last-child\" data-index=\"0\" ><div\n\t\t\t\n\t\t\tclass=\"so-widget-sow-editor so-widget-sow-editor-base\"\n\t\t\t\n\t\t>\n<div class=\"siteorigin-widget-tinymce textwidget\">\n\t<p><img data-recalc-dims=\"1\" loading=\"lazy\" decoding=\"async\" class=\"size-medium wp-image-755 alignright\" src=\"https:\/\/i0.wp.com\/2017.mbt-sprl.be\/wp-content\/uploads\/2016\/11\/Newsletter.jpg?resize=300%2C200\" alt=\"Newsletter\" width=\"300\" height=\"200\" \/><\/p>\n<p><strong>En vous abonnant \u00e0 notre newsletter, vous serez r\u00e9guli\u00e8rement inform\u00e9(e) en mati\u00e8re de :<\/strong><\/p>\n<ul>\n<li style=\"list-style-type: none\">\n<ul>\n<li><strong>L'\u00e9volution de notre ASBL<\/strong><\/li>\n<li><strong>Les informations sur la maladie<\/strong><\/li>\n<li><strong>O\u00f9 en est la recherche scientifique<\/strong><\/li>\n<li><strong>Les \u00e9v\u00e9nements marquants<\/strong><\/li>\n<li><strong>Le calendrier de nos pr\u00e9sences sur sites<\/strong><\/li>\n<li><strong>Etc...<\/strong><\/li>\n<\/ul>\n<\/li>\n<\/ul>\n<\/div>\n<\/div><\/div><\/div><\/div><div id=\"pg-43-1\"  class=\"panel-grid panel-no-style\" ><div id=\"pgc-43-1-0\"  class=\"panel-grid-cell\" ><div id=\"panel-43-1-0-0\" class=\"so-panel widget panel-first-child panel-last-child\" data-index=\"1\" ><\/div><\/div><\/div><\/div>","protected":false},"excerpt":{"rendered":"<p>En vous abonnant \u00e0 notre newsletter, vous serez r\u00e9guli\u00e8rement inform\u00e9(e) en mati\u00e8re de : L&rsquo;\u00e9volution de notre ASBL Les informations sur la maladie O\u00f9 en est la recherche scientifique Les &hellip;<\/p>\n","protected":false},"author":2,"featured_media":0,"parent":0,"menu_order":0,"comment_status":"closed","ping_status":"closed","template":"","meta":{"jetpack_post_was_ever_published":false,"footnotes":""},"class_list":["post-43","page","type-page","status-publish","hentry"],"jetpack_sharing_enabled":true,"jetpack_shortlink":"https:\/\/wp.me\/Pamn1u-H","jetpack-related-posts":[],"jetpack_likes_enabled":true,"_links":{"self":[{"href":"https:\/\/www.ctcd.be\/index.php?rest_route=\/wp\/v2\/pages\/43","targetHints":{"allow":["GET"]}}],"collection":[{"href":"https:\/\/www.ctcd.be\/index.php?rest_route=\/wp\/v2\/pages"}],"about":[{"href":"https:\/\/www.ctcd.be\/index.php?rest_route=\/wp\/v2\/types\/page"}],"author":[{"embeddable":true,"href":"https:\/\/www.ctcd.be\/index.php?rest_route=\/wp\/v2\/users\/2"}],"replies":[{"embeddable":true,"href":"https:\/\/www.ctcd.be\/index.php?rest_route=%2Fwp%2Fv2%2Fcomments&post=43"}],"version-history":[{"count":4,"href":"https:\/\/www.ctcd.be\/index.php?rest_route=\/wp\/v2\/pages\/43\/revisions"}],"predecessor-version":[{"id":47,"href":"https:\/\/www.ctcd.be\/index.php?rest_route=\/wp\/v2\/pages\/43\/revisions\/47"}],"wp:attachment":[{"href":"https:\/\/www.ctcd.be\/index.php?rest_route=%2Fwp%2Fv2%2Fmedia&parent=43"}],"curies":[{"name":"wp","href":"https:\/\/api.w.org\/{rel}","templated":true}]}}