{"id":49,"date":"2018-10-30T10:56:18","date_gmt":"2018-10-30T10:56:18","guid":{"rendered":"http:\/\/www.ctcd.be\/?page_id=49"},"modified":"2018-11-06T12:59:01","modified_gmt":"2018-11-06T12:59:01","slug":"a-propos-de-nous","status":"publish","type":"page","link":"https:\/\/www.ctcd.be\/?page_id=49","title":{"rendered":"A Propos de Nous"},"content":{"rendered":"<div id=\"pl-49\"  class=\"panel-layout\" ><div id=\"pg-49-0\"  class=\"panel-grid panel-no-style\" ><div id=\"pgc-49-0-0\"  class=\"panel-grid-cell panel-grid-cell-empty\" ><\/div><\/div><div id=\"pg-49-1\"  class=\"panel-grid panel-no-style\" ><div id=\"pgc-49-1-0\"  class=\"panel-grid-cell\" ><div id=\"panel-49-1-0-0\" class=\"so-panel widget widget_black-studio-tinymce widget_black_studio_tinymce panel-first-child panel-last-child\" data-index=\"0\" ><div class=\"textwidget\"><p>&nbsp;<\/p>\n<p>&nbsp;<\/p>\n<p><img loading=\"lazy\" decoding=\"async\" data-attachment-id=\"115\" data-permalink=\"https:\/\/www.ctcd.be\/?attachment_id=115\" data-orig-file=\"https:\/\/i0.wp.com\/www.ctcd.be\/wp-content\/uploads\/2018\/10\/T%C3%A9lio-A-Propos-2.jpg?fit=240%2C240&amp;ssl=1\" data-orig-size=\"240,240\" data-comments-opened=\"1\" data-image-meta=\"{&quot;aperture&quot;:&quot;0&quot;,&quot;credit&quot;:&quot;&quot;,&quot;camera&quot;:&quot;&quot;,&quot;caption&quot;:&quot;&quot;,&quot;created_timestamp&quot;:&quot;0&quot;,&quot;copyright&quot;:&quot;&quot;,&quot;focal_length&quot;:&quot;0&quot;,&quot;iso&quot;:&quot;0&quot;,&quot;shutter_speed&quot;:&quot;0&quot;,&quot;title&quot;:&quot;&quot;,&quot;orientation&quot;:&quot;1&quot;}\" data-image-title=\"T\u00e9lio A Propos 2\" data-image-description=\"\" data-image-caption=\"\" data-medium-file=\"https:\/\/i0.wp.com\/www.ctcd.be\/wp-content\/uploads\/2018\/10\/T%C3%A9lio-A-Propos-2.jpg?fit=240%2C240&amp;ssl=1\" data-large-file=\"https:\/\/i0.wp.com\/www.ctcd.be\/wp-content\/uploads\/2018\/10\/T%C3%A9lio-A-Propos-2.jpg?fit=240%2C240&amp;ssl=1\" data-recalc-dims=\"1\" class=\"alignnone size-full wp-image-115 aligncenter\" src=\"https:\/\/i0.wp.com\/www.ctcd.be\/wp-content\/uploads\/2018\/10\/T%C3%A9lio-A-Propos-2.jpg?resize=240%2C240&#038;ssl=1\" alt=\"\" width=\"240\" height=\"240\" \/><\/p>\n<\/div><\/div><\/div><div id=\"pgc-49-1-1\"  class=\"panel-grid-cell\" ><div id=\"panel-49-1-1-0\" class=\"so-panel widget widget_black-studio-tinymce widget_black_studio_tinymce panel-first-child panel-last-child\" data-index=\"1\" ><h3 class=\"widget-title\">Pourquoi cette ASBL ?<\/h3><div class=\"textwidget\"><p>T\u00e9lio est un petit gar\u00e7on qui aura 3 ans en Novembre. Il est atteint de la myopathie de Duchenne, c'est une maladie neuromusculaire rare qui s'attaque \u00e0 tous les muscles. 1 gar\u00e7on sur 3500 est atteint et tr\u00e8s rarement des filles. A l'adolescence, tous les enfants atteints de cette maladie auront perdu l'usage des jambes et auront besoin d'une chaise roulante.<br \/>\nLa dur\u00e9e de vie moyenne est de 30 ans.<br \/>\nActuellement, il n y a aucun m\u00e9dicament ! Simplement un traitement \u00e0 base de cortico\u00efdes qui ralentit la maladie d'environ 2 ans.<br \/>\nLes recherches continuent sans cesse et nous gardons espoir pour nos enfants, pour qu' ils puissent continuer \u00e0 profiter de leurs vies, courir, marcher, sauter, vivre,...<\/p>\n<p>Aidez-nous \u00e0 faire conna\u00eetre la maladie Duchenne.<\/p>\n<\/div><\/div><\/div><\/div><\/div>","protected":false},"excerpt":{"rendered":"<p>&nbsp; &nbsp; T\u00e9lio est un petit gar\u00e7on qui aura 3 ans en Novembre. Il est atteint de la myopathie de Duchenne, c&rsquo;est une maladie neuromusculaire rare qui s&rsquo;attaque \u00e0 tous &hellip;<\/p>\n","protected":false},"author":2,"featured_media":115,"parent":0,"menu_order":0,"comment_status":"closed","ping_status":"closed","template":"","meta":{"jetpack_post_was_ever_published":false,"footnotes":""},"class_list":["post-49","page","type-page","status-publish","has-post-thumbnail","hentry"],"jetpack_sharing_enabled":true,"jetpack_shortlink":"https:\/\/wp.me\/Pamn1u-N","jetpack-related-posts":[],"jetpack_likes_enabled":true,"_links":{"self":[{"href":"https:\/\/www.ctcd.be\/index.php?rest_route=\/wp\/v2\/pages\/49","targetHints":{"allow":["GET"]}}],"collection":[{"href":"https:\/\/www.ctcd.be\/index.php?rest_route=\/wp\/v2\/pages"}],"about":[{"href":"https:\/\/www.ctcd.be\/index.php?rest_route=\/wp\/v2\/types\/page"}],"author":[{"embeddable":true,"href":"https:\/\/www.ctcd.be\/index.php?rest_route=\/wp\/v2\/users\/2"}],"replies":[{"embeddable":true,"href":"https:\/\/www.ctcd.be\/index.php?rest_route=%2Fwp%2Fv2%2Fcomments&post=49"}],"version-history":[{"count":7,"href":"https:\/\/www.ctcd.be\/index.php?rest_route=\/wp\/v2\/pages\/49\/revisions"}],"predecessor-version":[{"id":196,"href":"https:\/\/www.ctcd.be\/index.php?rest_route=\/wp\/v2\/pages\/49\/revisions\/196"}],"wp:featuredmedia":[{"embeddable":true,"href":"https:\/\/www.ctcd.be\/index.php?rest_route=\/wp\/v2\/media\/115"}],"wp:attachment":[{"href":"https:\/\/www.ctcd.be\/index.php?rest_route=%2Fwp%2Fv2%2Fmedia&parent=49"}],"curies":[{"name":"wp","href":"https:\/\/api.w.org\/{rel}","templated":true}]}}